{"id":2833,"date":"2021-03-15T14:41:50","date_gmt":"2021-03-15T13:41:50","guid":{"rendered":"http:\/\/dominik-sailer.com\/?page_id=2833"},"modified":"2021-03-15T14:58:08","modified_gmt":"2021-03-15T13:58:08","slug":"privacy-policy","status":"publish","type":"page","link":"https:\/\/dominik-sailer.com\/en\/privacy-policy\/","title":{"rendered":"Privacy Policy"},"content":{"rendered":"<div data-colibri-id=\"2833-c1\" class=\"style-1193 style-local-2833-c1 position-relative\">\n  <!---->\n  <div data-colibri-component=\"section\" data-colibri-id=\"2833-c9\" id=\"privacy-policy\" class=\"h-section h-section-global-spacing d-flex align-items-lg-center align-items-md-center align-items-center style-1201 style-local-2833-c9 position-relative\">\n    <!---->\n    <!---->\n    <div class=\"h-section-grid-container h-section-boxed-container\">\n      <!---->\n      <div data-colibri-id=\"2833-c10\" class=\"h-row-container gutters-row-lg-2 gutters-row-md-2 gutters-row-0 gutters-row-v-lg-2 gutters-row-v-md-2 gutters-row-v-2 style-1202 style-local-2833-c10 position-relative\">\n        <!---->\n        <div class=\"h-row justify-content-lg-center justify-content-md-center justify-content-center align-items-lg-stretch align-items-md-stretch align-items-stretch gutters-col-lg-2 gutters-col-md-2 gutters-col-0 gutters-col-v-lg-2 gutters-col-v-md-2 gutters-col-v-2\">\n          <!---->\n          <div class=\"h-column h-column-container d-flex h-col-lg-auto h-col-md-auto h-col-auto style-1203-outer style-local-2833-c11-outer\">\n            <div data-colibri-id=\"2833-c11\" class=\"d-flex h-flex-basis h-column__inner h-px-lg-2 h-px-md-2 h-px-2 v-inner-lg-2 v-inner-md-2 v-inner-2 style-1203 style-local-2833-c11 position-relative\">\n              <!---->\n              <!---->\n              <div class=\"w-100 h-y-container h-column__content h-column__v-align flex-basis-100 align-self-lg-start align-self-md-start align-self-start\">\n                <!---->\n                <div data-colibri-id=\"2833-c14\" class=\"style-1206 style-local-2833-c14 privacy-policy position-relative h-element\">\n                  <!---->\n                  <div class=\"\"><h1>Privacy Policy<\/h1><p><p> In this privacy policy we inform you about the processing of your personal data. <\/ p><p> If you want to change your privacy settings (grant consent or revoke your previously granted consent), click <a target=\"_blank\" href=\"#\" class=\"sp-dsgvo-show-privacy-popup\">here<\/a> to change your settings.<\/p><h2>Responsible<\/h2><p>Dominik Sailer, Dominik Sailer, Karl-Sch\u00f6nherr-Stra\u00dfe 9, 6410 Telfs, \u00d6sterreich, <a href=\"mailto:info@dominik-sailer.com\">info@dominik-sailer.com<\/a>, +43 660 129 05 78<\/p><h2>Data security officer<\/h2><p><p>You can contact our Data Protection Officer at:<\/p>attn. Dominik Sailer, <br \/>Karl-Sch\u00f6nherr-Stra\u00dfe 9 <br \/>6410 Telfs <br \/>Phone: +43 660 129 05 78 <br \/>Email: <a href=\"mailto:info@dominik-sailer.com\">info@dominik-sailer.com<\/a> <br \/><\/p><h2>Hosting<\/h2><p><strong>Dienst:<\/strong>\u00a0 IPAX OG\r\n<strong>Anbieter:<\/strong>\u00a0 IPAX OG, Barawitzkagasse 10\/2\/2\/11, 1190 Wien, \u00d6sterreich\r\n<strong>Datenschutzerkl\u00e4rung:<\/strong> https:\/\/www.ipax.at\/wp-content\/uploads\/2018\/05\/IPAX-Datenschutzerkl%C3%A4rung-Website.pdf<\/p><h2>Contact Form<\/h2><p><p>You can contact us by using a contact form provided on our website. After submission of the contact form, the controller will process the personal data you have provided for the purpose of handling your request on the basis of your consent which you have given by submitting the form according to Art. 6 (1) (a) GDPR, until revocation.<br \/>You have no legal or contractual obligation to provide personal data. If you do not provide such data, you are simply not able to submit and we are not able to process your request.<\/p><\/p><h2>Security Services<\/h2><p><p>On this website we use the offer of security service providers such as Captcha services to avoid non-human and automated input.<\/p><\/p><h3>Google reCAPTCHA<\/h3><p><p>If you give your consent, we will process your personal data in cooperation with the service <a target=\"_blank\" href=\"https:\/\/www.google.com\/recaptcha\/intro\/v3.html\">Google reCaptcha<\/a>, Google Ireland Limited, Gordon House, Barrow Street, Dublin 4, Ireland as joint controllers for the purpose of avoidance of non human and automatized inputs. We will enable the service to set third party cookies, to collect connection data and data of your web browser. Furthermore we enable the service to build a personal user-ID to conclusively identify the user within the scope of the advertising network operated by Google. The data will be stored on your device for up to two years.<\/p><p>The legal basis of processing is your consent according to Article 6 (1) (a) GDPR. A failure to give consent will have the effect of not being able to use reCaptcha or the connected forms.<\/p><p>You can revoke your consent by changing the settings at <a target=\"_blank\" class=\"lwb-ppsp\" href=\"#\" title=\"Datenschutzeinstellungen\">Privacy settings<\/a>.<\/p><p>The Google group transfers your personal data to the USA. The legal basis for data transfer to the USA is your consent in accordance with Art. 49 Para. 1 a in conjunction with Art. 6 Para. 1 a GDPR. Before you gave your consent, you were informed that the USA does not have a data protection level that complies with EU standards. In particular, US intelligence agencies can access your data without being informed about it and without you being able to take legal action against it. For this reason, the European Court of Justice ruled in a judgment that the previous adequacy decision (Privacy Shield) was invalid.<\/p><\/p><h2>Web Fonts<\/h2><h3>Adobe Fonts<\/h3><p><p>We process connection data and browser data in cooperation with our processor <a target=\"_blank\" href=\"https:\/\/fonts.adobe.com\/\">Adobe Fonts<\/a>, Adobe Systems Software Ireland Limited, Citywest Business Campus, Dublin 24, Ireland, in order to provide the fonts which the web browser needs to display the website. This data is processed only for the time needed to select and transfer the fonts.<\/p><p>The legal basis of processing is the legitimate interest (absolute technical necessity to provide and to deliver the \u201cwebsite\u201d service which you have explicitly requested by visiting the website according to Article 6 (1) (f) GDPR combined with \u00a7 25 TTDSG.<\/p><p>Any further independent processing of data by Adobe Fonts is carried out by Adobe Fonts as sole controller. Detailed information is provided in the <a target=\"_blank\" href=\"https:\/\/www.adobe.com\/de\/privacy.html\">Data privacy policy<\/a> of Adobe Fonts.<\/p><\/p><h2>Analysis Services<\/h2><h3>Google Analytics<\/h3><p><p>If you give your consent, we will process your personal data in cooperation with the service <a target=\"_blank\" href=\"https:\\\\analytics.google.com\">Google Analytics<\/a>, Google LLC, Amphitheatre Parkway, Mountain View, CA 94043, USA, as joint controllers for the purpose of failure analysis and statistical analysis of our website. A failure to give consent will have no immediate impact on the function of the website, although a lack of statistic data will make it more difficult for us to sophisticate the website. You can revoke your consent by changing the settings at <a target=\"_blank\" class=\"lwb-ppsp\" href=\"#\" title=\"Datenschutzeinstellungen\">Privacy settings<\/a>.<\/p><p>We will enable the service to collect connection data, data of your web browser and data of accessed content and to execute analysis software and to store data on your terminal device. The service anonymizes collected data immediately after such data were collected and provides us with statistics for analysis containing anonymous data. We use these statistics for failure analysis and for the sophistication of our website. Data on your terminal device are kept for up to two years.<\/p><p>The legal basis of processing is your consent according to Article 6 (1) (a) GDPR. The Google group transfers your personal data to the USA. The legal basis for data transfer to the USA is your consent in accordance with Art. 49 Para. 1 a in conjunction with Art. 6 Para. 1 a GDPR. Before you gave your consent, you were informed that the USA does not have a data protection level that complies with EU standards. In particular, US intelligence agencies can access your data without being informed about it and without you being able to take legal action against it. For this reason, the European Court of Justice ruled in a judgment that the previous adequacy decision (Privacy Shield) was invalid.<\/p><\/p><h2>Right to object<\/h2><p><p>You have the right to object to processing if your personal data is processed based on legitimate interests.<\/p><p>We will then cease the processing carried out on this basis, unless there are compelling and legitimate reasons for us to do so.<\/p><p>You have the right to object to the processing of your personal data for the purpose of direct marketing. In this case, we will cease the processing of your personal data for the purpose of direct mail.<\/p><p>The withdrawal of consent shall not affect the lawfulness of processing based on consent before its withdrawal.<\/p><\/p><h2>Withdrawal<\/h2><p><p>You have the right to withdraw your consent at any time by changing the settings at <a target=\"_blank\" class=\"lwb-ppsp\" href=\"#\" title=\"Privacy settings\">Privacy settings<\/a>.<\/p><p>If you have given your consent to receipt of advertising by email, you may withdraw your consent by clicking the unsubscribe link. In this case, we will cease the processing operations, unless there is any other legal basis.<\/p><p>The withdrawal of consent shall not affect the lawfulness of processing based on consent before its withdrawal.<\/p><\/p><h2>Right to data subject<\/h2><p><p>You have the right to access to, rectification, erasure and restriction of processing of personal data.<\/p><p>You have also the right to data portability if the processing of your personal data is based on your consent or on a contract concluded with you. <\/p><p>You have also the right to lodge a complaint with the supervisory authority. If you need more information on the supervisory authorities in the European Union, go to <a target=\"_blank\" href=\"https:\/\/ec.europa.eu\/justice\/article-29\/structure\/data-protection-authorities\/index_en.htm\" title=\"DPAs\">here<\/a>.<\/p><\/p><\/div>\n                <\/div>\n              <\/div>\n            <\/div>\n          <\/div>\n        <\/div>\n      <\/div>\n    <\/div>\n  <\/div>\n  <div data-colibri-component=\"section\" data-colibri-id=\"2833-c2\" id=\"footer\" class=\"h-section h-section-global-spacing d-flex align-items-lg-center align-items-md-center align-items-center style-1194 style-local-2833-c2 privacy-policy position-relative\">\n    <!---->\n    <!---->\n    <div class=\"h-section-grid-container h-section-boxed-container\">\n      <!---->\n      <div data-colibri-id=\"2833-c3\" class=\"h-row-container gutters-row-lg-2 gutters-row-md-2 gutters-row-0 gutters-row-v-lg-2 gutters-row-v-md-2 gutters-row-v-2 style-1195 style-local-2833-c3 position-relative\">\n        <!---->\n        <div class=\"h-row justify-content-lg-center justify-content-md-center justify-content-center align-items-lg-stretch align-items-md-stretch align-items-stretch gutters-col-lg-2 gutters-col-md-2 gutters-col-0 gutters-col-v-lg-2 gutters-col-v-md-2 gutters-col-v-2\">\n          <!---->\n          <div class=\"h-column h-column-container d-flex h-col-lg-auto h-col-md-auto h-col-auto style-1196-outer style-local-2833-c4-outer\">\n            <div data-colibri-id=\"2833-c4\" class=\"d-flex h-flex-basis h-column__inner h-px-lg-2 h-px-md-2 h-px-2 v-inner-lg-2 v-inner-md-2 v-inner-2 style-1196 style-local-2833-c4 position-relative\">\n              <!---->\n              <!---->\n              <div class=\"w-100 h-y-container h-column__content h-column__v-align flex-basis-100 align-self-lg-start align-self-md-start align-self-start\">\n                <!---->\n                <div data-colibri-id=\"2833-c5\" class=\"h-x-container style-1197 style-local-2833-c5 position-relative h-element\">\n                  <!---->\n                  <div class=\"h-x-container-inner style-dynamic-2833-c5-group style-1197-spacing style-local-2833-c5-spacing\"><span class=\"h-link__outer style-1198-outer style-local-2833-c6-outer d-inline-flex h-element\"><a h-use-smooth-scroll=\"true\" href=\"https:\/\/dominik-sailer.com\/en\/imprint\"  data-colibri-id=\"2833-c6\" class=\"d-flex w-100 align-items-center h-link style-1198 style-local-2833-c6 position-relative\"><!----><!----> <span>Imprint<\/span><\/a>\n                    <\/span><span class=\"h-link__outer style-1199-outer style-local-2833-c7-outer d-inline-flex h-element\"><a h-use-smooth-scroll=\"true\" href=\"https:\/\/dominik-sailer.com\/en\/privacy-policy\/\"  data-colibri-id=\"2833-c7\" class=\"d-flex w-100 align-items-center h-link style-1199 style-local-2833-c7 position-relative\"><!----><!----> <span>Data protection<\/span><\/a>\n                    <\/span>\n                  <\/div>\n                <\/div>\n                <div data-colibri-id=\"2833-c8\" class=\"style-1200 style-local-2833-c8 position-relative h-element\">\n                  <!---->\n                  <div class=\"h-global-transition-all\">\u00a9 2026 <\/div>\n                <\/div>\n              <\/div>\n            <\/div>\n          <\/div>\n        <\/div>\n      <\/div>\n    <\/div>\n  <\/div>\n<\/div>","protected":false},"excerpt":{"rendered":"<p>Imprint Data protection<\/p>\n","protected":false},"author":1,"featured_media":0,"parent":0,"menu_order":0,"comment_status":"closed","ping_status":"closed","template":"page-templates\/full-width-page.php","meta":{"footnotes":""},"class_list":["post-2833","page","type-page","status-publish","hentry"],"yoast_head":"<!-- This site is optimized with the Yoast SEO plugin v19.10 - https:\/\/yoast.com\/wordpress\/plugins\/seo\/ -->\n<title>Privacy Policy - Dominik Sailer<\/title>\n<meta name=\"robots\" content=\"index, follow, max-snippet:-1, max-image-preview:large, max-video-preview:-1\" \/>\n<link rel=\"canonical\" href=\"https:\/\/dominik-sailer.com\/en\/privacy-policy\/\" \/>\n<meta property=\"og:locale\" content=\"en_US\" \/>\n<meta property=\"og:type\" content=\"article\" \/>\n<meta property=\"og:title\" content=\"Privacy Policy - Dominik Sailer\" \/>\n<meta property=\"og:description\" content=\"Imprint Data protection\" \/>\n<meta property=\"og:url\" content=\"https:\/\/dominik-sailer.com\/en\/privacy-policy\/\" \/>\n<meta property=\"og:site_name\" content=\"Dominik Sailer\" \/>\n<meta property=\"article:modified_time\" content=\"2021-03-15T13:58:08+00:00\" \/>\n<meta name=\"twitter:card\" content=\"summary_large_image\" \/>\n<script type=\"application\/ld+json\" class=\"yoast-schema-graph\">{\"@context\":\"https:\/\/schema.org\",\"@graph\":[{\"@type\":\"WebPage\",\"@id\":\"https:\/\/dominik-sailer.com\/en\/privacy-policy\/\",\"url\":\"https:\/\/dominik-sailer.com\/en\/privacy-policy\/\",\"name\":\"Privacy Policy - Dominik Sailer\",\"isPartOf\":{\"@id\":\"https:\/\/dominik-sailer.com\/en\/#website\"},\"datePublished\":\"2021-03-15T13:41:50+00:00\",\"dateModified\":\"2021-03-15T13:58:08+00:00\",\"breadcrumb\":{\"@id\":\"https:\/\/dominik-sailer.com\/en\/privacy-policy\/#breadcrumb\"},\"inLanguage\":\"en-US\",\"potentialAction\":[{\"@type\":\"ReadAction\",\"target\":[\"https:\/\/dominik-sailer.com\/en\/privacy-policy\/\"]}]},{\"@type\":\"BreadcrumbList\",\"@id\":\"https:\/\/dominik-sailer.com\/en\/privacy-policy\/#breadcrumb\",\"itemListElement\":[{\"@type\":\"ListItem\",\"position\":1,\"name\":\"Home\",\"item\":\"https:\/\/dominik-sailer.com\/en\/\"},{\"@type\":\"ListItem\",\"position\":2,\"name\":\"Privacy Policy\"}]},{\"@type\":\"WebSite\",\"@id\":\"https:\/\/dominik-sailer.com\/en\/#website\",\"url\":\"https:\/\/dominik-sailer.com\/en\/\",\"name\":\"Dominik Sailer\",\"description\":\"\",\"potentialAction\":[{\"@type\":\"SearchAction\",\"target\":{\"@type\":\"EntryPoint\",\"urlTemplate\":\"https:\/\/dominik-sailer.com\/en\/?s={search_term_string}\"},\"query-input\":\"required name=search_term_string\"}],\"inLanguage\":\"en-US\"}]}<\/script>\n<!-- \/ Yoast SEO plugin. -->","yoast_head_json":{"title":"Privacy Policy - Dominik Sailer","robots":{"index":"index","follow":"follow","max-snippet":"max-snippet:-1","max-image-preview":"max-image-preview:large","max-video-preview":"max-video-preview:-1"},"canonical":"https:\/\/dominik-sailer.com\/en\/privacy-policy\/","og_locale":"en_US","og_type":"article","og_title":"Privacy Policy - Dominik Sailer","og_description":"Imprint Data protection","og_url":"https:\/\/dominik-sailer.com\/en\/privacy-policy\/","og_site_name":"Dominik Sailer","article_modified_time":"2021-03-15T13:58:08+00:00","twitter_card":"summary_large_image","schema":{"@context":"https:\/\/schema.org","@graph":[{"@type":"WebPage","@id":"https:\/\/dominik-sailer.com\/en\/privacy-policy\/","url":"https:\/\/dominik-sailer.com\/en\/privacy-policy\/","name":"Privacy Policy - Dominik Sailer","isPartOf":{"@id":"https:\/\/dominik-sailer.com\/en\/#website"},"datePublished":"2021-03-15T13:41:50+00:00","dateModified":"2021-03-15T13:58:08+00:00","breadcrumb":{"@id":"https:\/\/dominik-sailer.com\/en\/privacy-policy\/#breadcrumb"},"inLanguage":"en-US","potentialAction":[{"@type":"ReadAction","target":["https:\/\/dominik-sailer.com\/en\/privacy-policy\/"]}]},{"@type":"BreadcrumbList","@id":"https:\/\/dominik-sailer.com\/en\/privacy-policy\/#breadcrumb","itemListElement":[{"@type":"ListItem","position":1,"name":"Home","item":"https:\/\/dominik-sailer.com\/en\/"},{"@type":"ListItem","position":2,"name":"Privacy Policy"}]},{"@type":"WebSite","@id":"https:\/\/dominik-sailer.com\/en\/#website","url":"https:\/\/dominik-sailer.com\/en\/","name":"Dominik Sailer","description":"","potentialAction":[{"@type":"SearchAction","target":{"@type":"EntryPoint","urlTemplate":"https:\/\/dominik-sailer.com\/en\/?s={search_term_string}"},"query-input":"required name=search_term_string"}],"inLanguage":"en-US"}]}},"_links":{"self":[{"href":"https:\/\/dominik-sailer.com\/en\/wp-json\/wp\/v2\/pages\/2833","targetHints":{"allow":["GET"]}}],"collection":[{"href":"https:\/\/dominik-sailer.com\/en\/wp-json\/wp\/v2\/pages"}],"about":[{"href":"https:\/\/dominik-sailer.com\/en\/wp-json\/wp\/v2\/types\/page"}],"author":[{"embeddable":true,"href":"https:\/\/dominik-sailer.com\/en\/wp-json\/wp\/v2\/users\/1"}],"replies":[{"embeddable":true,"href":"https:\/\/dominik-sailer.com\/en\/wp-json\/wp\/v2\/comments?post=2833"}],"version-history":[{"count":5,"href":"https:\/\/dominik-sailer.com\/en\/wp-json\/wp\/v2\/pages\/2833\/revisions"}],"predecessor-version":[{"id":2937,"href":"https:\/\/dominik-sailer.com\/en\/wp-json\/wp\/v2\/pages\/2833\/revisions\/2937"}],"wp:attachment":[{"href":"https:\/\/dominik-sailer.com\/en\/wp-json\/wp\/v2\/media?parent=2833"}],"curies":[{"name":"wp","href":"https:\/\/api.w.org\/{rel}","templated":true}]}}